{"id":542,"date":"2020-07-04T07:53:08","date_gmt":"2020-07-04T07:53:08","guid":{"rendered":"http:\/\/3styler.net\/themes\/anymag\/main\/?page_id=542"},"modified":"2020-07-04T07:53:08","modified_gmt":"2020-07-04T07:53:08","slug":"contact-me","status":"publish","type":"page","link":"https:\/\/beta.bluedot.sk\/?page_id=542","title":{"rendered":"Contact Me"},"content":{"rendered":"\n<h2>Drop me <span style=\"color:#ff027f\" class=\"has-inline-color\">a line<\/span> below<\/h2>\n\n\n\n<p>El minimum eloquentiam deterruisset ad, epicuri expetenda concludaturque nam et.<\/p>\n\n\n\n<div role=\"form\" class=\"wpcf7\" id=\"wpcf7-f556-o1\" lang=\"en-US\" dir=\"ltr\">\n<div class=\"screen-reader-response\"><p role=\"status\" aria-live=\"polite\" aria-atomic=\"true\"><\/p> <ul><\/ul><\/div>\n<form action=\"\/index.php?rest_route=%2Fwp%2Fv2%2Fpages%2F542#wpcf7-f556-o1\" method=\"post\" class=\"wpcf7-form init\" novalidate=\"novalidate\" data-status=\"init\">\n<div style=\"display: none;\">\n<input type=\"hidden\" name=\"_wpcf7\" value=\"556\" \/>\n<input type=\"hidden\" name=\"_wpcf7_version\" value=\"5.5.2\" \/>\n<input type=\"hidden\" name=\"_wpcf7_locale\" value=\"en_US\" \/>\n<input type=\"hidden\" name=\"_wpcf7_unit_tag\" value=\"wpcf7-f556-o1\" \/>\n<input type=\"hidden\" name=\"_wpcf7_container_post\" value=\"0\" \/>\n<input type=\"hidden\" name=\"_wpcf7_posted_data_hash\" value=\"\" \/>\n<\/div>\n<div class=\"row\">\n<p class=\"field-half\"><label>Your Name (required)<br \/>\n<span class=\"wpcf7-form-control-wrap your-name\"><input type=\"text\" name=\"your-name\" value=\"\" size=\"40\" class=\"wpcf7-form-control wpcf7-text wpcf7-validates-as-required\" aria-required=\"true\" aria-invalid=\"false\" \/><\/span> <\/label><\/p>\n<p class=\"field-half\"><label> Your Email (required)<br \/>\n<span class=\"wpcf7-form-control-wrap your-email\"><input type=\"email\" name=\"your-email\" value=\"\" size=\"40\" class=\"wpcf7-form-control wpcf7-text wpcf7-email wpcf7-validates-as-required wpcf7-validates-as-email\" aria-required=\"true\" aria-invalid=\"false\" \/><\/span> <\/label><\/p>\n<p class=\"field-full\"><label> Subject<br \/>\n<span class=\"wpcf7-form-control-wrap your-subject\"><input type=\"text\" name=\"your-subject\" value=\"\" size=\"40\" class=\"wpcf7-form-control wpcf7-text\" aria-invalid=\"false\" \/><\/span> <\/label><\/p>\n<p class=\"field-full\"><label> Your Message<br \/>\n<span class=\"wpcf7-form-control-wrap your-message\"><textarea name=\"your-message\" cols=\"40\" rows=\"10\" class=\"wpcf7-form-control wpcf7-textarea\" aria-invalid=\"false\"><\/textarea><\/span> <\/label><\/p>\n<p class=\"field-full\">\n<input type=\"submit\" value=\"Send\" class=\"wpcf7-form-control has-spinner wpcf7-submit\" \/><\/p>\n<\/div>\n<div class=\"wpcf7-response-output\" aria-hidden=\"true\"><\/div><\/form><\/div>\n\n\n<div class=\"random-posts post-by-category shortcode\"><div class=\"random-items three-fr\"><div class=\"item-random\"><div class=\"random-ttl\">\r\n              <h5><a href=\"https:\/\/beta.bluedot.sk\/?p=9914\">Kardio cviky: Cvi\u010denie na doma, na chudnutie, pre zdrav\u00e9 srdce a perfektn\u00fa postavu<\/a><\/h5><\/div><\/div><div class=\"item-random\"><div class=\"random-ttl\">\r\n              <h5><a href=\"https:\/\/beta.bluedot.sk\/?p=6939\">Citr\u00f3nov\u00e1 voda ako pomocn\u00edk pri chudnut\u00ed<\/a><\/h5><\/div><\/div><div class=\"item-random\"><div class=\"random-ttl\">\r\n              <h5><a href=\"https:\/\/beta.bluedot.sk\/?p=4223\">3 tipy ako si udr\u017ea\u0165 fit postavu aj v zime (480 slov)<\/a><\/h5><\/div><\/div><div class=\"item-random\"><div class=\"random-ttl\">\r\n              <h5><a href=\"https:\/\/beta.bluedot.sk\/?p=9216\">Moja najne\u017enej\u0161ia ne\u017en\u00e1 revol\u00facia &#8211; Spomienky jednej plavovl\u00e1sky<\/a><\/h5><\/div><\/div><\/div><\/div>\n","protected":false},"excerpt":{"rendered":"<p>Drop me a line below El minimum eloquentiam deterruisset ad, epicuri expetenda concludaturque nam et.<\/p>\n","protected":false},"author":1,"featured_media":1023,"parent":0,"menu_order":0,"comment_status":"closed","ping_status":"closed","template":"","meta":[],"tags":[],"yoast_head":"<!-- This site is optimized with the Yoast SEO plugin v17.5 - https:\/\/yoast.com\/wordpress\/plugins\/seo\/ -->\n<title>Contact Me - Top Of The World<\/title>\n<meta name=\"robots\" content=\"index, follow, max-snippet:-1, max-image-preview:large, max-video-preview:-1\" \/>\n<link rel=\"canonical\" href=\"https:\/\/beta.bluedot.sk\/?page_id=542\" \/>\n<meta property=\"og:locale\" content=\"en_US\" \/>\n<meta property=\"og:type\" content=\"article\" \/>\n<meta property=\"og:title\" content=\"Contact Me - Top Of The World\" \/>\n<meta property=\"og:description\" content=\"Drop me a line below El minimum eloquentiam deterruisset ad, epicuri expetenda concludaturque nam et.\" \/>\n<meta property=\"og:url\" content=\"https:\/\/beta.bluedot.sk\/?page_id=542\" \/>\n<meta property=\"og:site_name\" content=\"Top Of The World\" \/>\n<meta property=\"og:image\" content=\"https:\/\/beta.bluedot.sk\/wp-content\/uploads\/2020\/09\/corinne-kutz-tMI2_-r5Nfo-unsplash.jpg\" \/>\n\t<meta property=\"og:image:width\" content=\"1500\" \/>\n\t<meta property=\"og:image:height\" content=\"1684\" \/>\n<meta name=\"twitter:card\" content=\"summary_large_image\" \/>\n<script type=\"application\/ld+json\" class=\"yoast-schema-graph\">{\"@context\":\"https:\/\/schema.org\",\"@graph\":[{\"@type\":\"WebSite\",\"@id\":\"https:\/\/beta.bluedot.sk\/#website\",\"url\":\"https:\/\/beta.bluedot.sk\/\",\"name\":\"Top Of The World\",\"description\":\"Just another WordPress site\",\"potentialAction\":[{\"@type\":\"SearchAction\",\"target\":{\"@type\":\"EntryPoint\",\"urlTemplate\":\"https:\/\/beta.bluedot.sk\/?s={search_term_string}\"},\"query-input\":\"required name=search_term_string\"}],\"inLanguage\":\"en-US\"},{\"@type\":\"ImageObject\",\"@id\":\"https:\/\/beta.bluedot.sk\/?page_id=542#primaryimage\",\"inLanguage\":\"en-US\",\"url\":\"https:\/\/beta.bluedot.sk\/wp-content\/uploads\/2020\/09\/corinne-kutz-tMI2_-r5Nfo-unsplash.jpg\",\"contentUrl\":\"https:\/\/beta.bluedot.sk\/wp-content\/uploads\/2020\/09\/corinne-kutz-tMI2_-r5Nfo-unsplash.jpg\",\"width\":1500,\"height\":1684},{\"@type\":\"WebPage\",\"@id\":\"https:\/\/beta.bluedot.sk\/?page_id=542#webpage\",\"url\":\"https:\/\/beta.bluedot.sk\/?page_id=542\",\"name\":\"Contact Me - Top Of The World\",\"isPartOf\":{\"@id\":\"https:\/\/beta.bluedot.sk\/#website\"},\"primaryImageOfPage\":{\"@id\":\"https:\/\/beta.bluedot.sk\/?page_id=542#primaryimage\"},\"datePublished\":\"2020-07-04T07:53:08+00:00\",\"dateModified\":\"2020-07-04T07:53:08+00:00\",\"breadcrumb\":{\"@id\":\"https:\/\/beta.bluedot.sk\/?page_id=542#breadcrumb\"},\"inLanguage\":\"en-US\",\"potentialAction\":[{\"@type\":\"ReadAction\",\"target\":[\"https:\/\/beta.bluedot.sk\/?page_id=542\"]}]},{\"@type\":\"BreadcrumbList\",\"@id\":\"https:\/\/beta.bluedot.sk\/?page_id=542#breadcrumb\",\"itemListElement\":[{\"@type\":\"ListItem\",\"position\":1,\"name\":\"Home\",\"item\":\"https:\/\/beta.bluedot.sk\/\"},{\"@type\":\"ListItem\",\"position\":2,\"name\":\"Contact Me\"}]}]}<\/script>\n<!-- \/ Yoast SEO plugin. -->","yoast_head_json":{"title":"Contact Me - Top Of The World","robots":{"index":"index","follow":"follow","max-snippet":"max-snippet:-1","max-image-preview":"max-image-preview:large","max-video-preview":"max-video-preview:-1"},"canonical":"https:\/\/beta.bluedot.sk\/?page_id=542","og_locale":"en_US","og_type":"article","og_title":"Contact Me - Top Of The World","og_description":"Drop me a line below El minimum eloquentiam deterruisset ad, epicuri expetenda concludaturque nam et.","og_url":"https:\/\/beta.bluedot.sk\/?page_id=542","og_site_name":"Top Of The World","og_image":[{"width":1500,"height":1684,"url":"https:\/\/beta.bluedot.sk\/wp-content\/uploads\/2020\/09\/corinne-kutz-tMI2_-r5Nfo-unsplash.jpg","type":"image\/jpeg"}],"twitter_card":"summary_large_image","schema":{"@context":"https:\/\/schema.org","@graph":[{"@type":"WebSite","@id":"https:\/\/beta.bluedot.sk\/#website","url":"https:\/\/beta.bluedot.sk\/","name":"Top Of The World","description":"Just another WordPress site","potentialAction":[{"@type":"SearchAction","target":{"@type":"EntryPoint","urlTemplate":"https:\/\/beta.bluedot.sk\/?s={search_term_string}"},"query-input":"required name=search_term_string"}],"inLanguage":"en-US"},{"@type":"ImageObject","@id":"https:\/\/beta.bluedot.sk\/?page_id=542#primaryimage","inLanguage":"en-US","url":"https:\/\/beta.bluedot.sk\/wp-content\/uploads\/2020\/09\/corinne-kutz-tMI2_-r5Nfo-unsplash.jpg","contentUrl":"https:\/\/beta.bluedot.sk\/wp-content\/uploads\/2020\/09\/corinne-kutz-tMI2_-r5Nfo-unsplash.jpg","width":1500,"height":1684},{"@type":"WebPage","@id":"https:\/\/beta.bluedot.sk\/?page_id=542#webpage","url":"https:\/\/beta.bluedot.sk\/?page_id=542","name":"Contact Me - Top Of The World","isPartOf":{"@id":"https:\/\/beta.bluedot.sk\/#website"},"primaryImageOfPage":{"@id":"https:\/\/beta.bluedot.sk\/?page_id=542#primaryimage"},"datePublished":"2020-07-04T07:53:08+00:00","dateModified":"2020-07-04T07:53:08+00:00","breadcrumb":{"@id":"https:\/\/beta.bluedot.sk\/?page_id=542#breadcrumb"},"inLanguage":"en-US","potentialAction":[{"@type":"ReadAction","target":["https:\/\/beta.bluedot.sk\/?page_id=542"]}]},{"@type":"BreadcrumbList","@id":"https:\/\/beta.bluedot.sk\/?page_id=542#breadcrumb","itemListElement":[{"@type":"ListItem","position":1,"name":"Home","item":"https:\/\/beta.bluedot.sk\/"},{"@type":"ListItem","position":2,"name":"Contact Me"}]}]}},"_links":{"self":[{"href":"https:\/\/beta.bluedot.sk\/index.php?rest_route=\/wp\/v2\/pages\/542"}],"collection":[{"href":"https:\/\/beta.bluedot.sk\/index.php?rest_route=\/wp\/v2\/pages"}],"about":[{"href":"https:\/\/beta.bluedot.sk\/index.php?rest_route=\/wp\/v2\/types\/page"}],"author":[{"embeddable":true,"href":"https:\/\/beta.bluedot.sk\/index.php?rest_route=\/wp\/v2\/users\/1"}],"replies":[{"embeddable":true,"href":"https:\/\/beta.bluedot.sk\/index.php?rest_route=%2Fwp%2Fv2%2Fcomments&post=542"}],"version-history":[{"count":0,"href":"https:\/\/beta.bluedot.sk\/index.php?rest_route=\/wp\/v2\/pages\/542\/revisions"}],"wp:featuredmedia":[{"embeddable":true,"href":"https:\/\/beta.bluedot.sk\/index.php?rest_route=\/wp\/v2\/media\/1023"}],"wp:attachment":[{"href":"https:\/\/beta.bluedot.sk\/index.php?rest_route=%2Fwp%2Fv2%2Fmedia&parent=542"}],"wp:term":[{"taxonomy":"post_tag","embeddable":true,"href":"https:\/\/beta.bluedot.sk\/index.php?rest_route=%2Fwp%2Fv2%2Ftags&post=542"}],"curies":[{"name":"wp","href":"https:\/\/api.w.org\/{rel}","templated":true}]}}